{"id":10570,"date":"2026-04-08T15:59:38","date_gmt":"2026-04-08T13:59:38","guid":{"rendered":"https:\/\/empresas28.hachete.com\/romeroalarcon\/?page_id=10570"},"modified":"2026-04-08T16:40:33","modified_gmt":"2026-04-08T14:40:33","slug":"politica-de-cookies","status":"publish","type":"page","link":"https:\/\/empresas28.hachete.com\/romeroalarcon\/politica-de-cookies\/","title":{"rendered":"Pol\u00edtica de cookies"},"content":{"rendered":"\t\t<div data-elementor-type=\"wp-page\" data-elementor-id=\"10570\" class=\"elementor elementor-10570\">\n\t\t\t\t<div class=\"elementor-element elementor-element-615c7d22 e-flex e-con-boxed e-con e-parent\" data-id=\"615c7d22\" data-element_type=\"container\" data-e-type=\"container\">\n\t\t\t\t\t<div class=\"e-con-inner\">\n\t\t\t\t<div class=\"elementor-element elementor-element-517daff6 elementor-widget elementor-widget-text-editor\" data-id=\"517daff6\" data-element_type=\"widget\" data-e-type=\"widget\" data-widget_type=\"text-editor.default\">\n\t\t\t\t\t\t\t\t\t\n<p>Construcciones Met\u00e1licas Romero Alarc\u00f3n SL. ha elaborado el presente documento con el fin de informarte como usuario del sitio web https:\/\/www.romeroalarcon.com\/, de qu\u00e9 es una cookie, cu\u00e1l es su finalidad, cu\u00e1les con las que empleamos en este sitio web y los usos que damos a las mismas, as\u00ed como los procedimientos para que puedas gestionarlas seg\u00fan consideres oportuno.<\/p>\n<p>De conformidad con lo dispuesto en el art\u00edculo 22.2 de la Ley 34\/2002, de 11 de julio, de Servicios de Sociedad de la Informaci\u00f3n y Comercio Electr\u00f3nico:<\/p>\n<h2 class=\"wp-block-heading\">Qu\u00e9 son las cookies y para qu\u00e9 sirven<\/h2>\n<p>Las cookies son un elemento importante a la hora de facilitar la navegaci\u00f3n del usuario y la usabilidad del sitio web, haciendo m\u00e1s \u00e1gil su experiencia en nuestro sitio web y permiti\u00e9ndole acceder a todas las funcionalidades del mismo.<\/p>\n<p>Se trata de peque\u00f1os archivos de texto, que son almacenados en el disco duro de su terminal o de la memoria de dispositivo an\u00e1logo del usuario, pero no pueden leer los datos contenidos en \u00e9l, ni acceder a los archivos de cookies de otros proveedores.<\/p>\n<p>En el siguiente enlace puede consultar\u00a0<a href=\"https:\/\/es.wikipedia.org\/wiki\/Cookie_%28inform%C3%A1tica%29\">m\u00e1s informaci\u00f3n sobre las cookies de la Wikipedia<\/a>.<\/p>\n<h2>Qu\u00e9 cookies emplea el sitio web de Construcciones Met\u00e1licas Romero Alarc\u00f3n SL.<\/h2>\n<p>Construcciones Met\u00e1licas Romero Alarc\u00f3n SL. emplea cookies del tipo Necesarias y Anal\u00edticas cuya finalidad es la de:<\/p>\n<div class=\"table-responsive\">\n<table>\n<tbody>\n<tr>\n<td width=\"189\"><strong>Criterio<\/strong><\/td>\n<td width=\"189\"><strong>Tipo de cookie<\/strong><\/td>\n<td width=\"189\"><strong>Finalidad<\/strong><\/td>\n<\/tr>\n<tr>\n<td rowspan=\"2\" width=\"189\">Seg\u00fan qui\u00e9n es el titular del equipo desde el que se env\u00edan las cookies y\/o quien trata los datos obtenidos.<\/td>\n<td width=\"189\">Propias<\/td>\n<td width=\"189\">Enviadas al usuario o gestionadas por el editor del sitio web.<\/td>\n<\/tr>\n<tr>\n<td width=\"189\">De terceros<\/td>\n<td width=\"189\">Enviadas al usuario o gestionadas por un tercero distinto del titular del sitio web.<\/td>\n<\/tr>\n<tr>\n<td rowspan=\"2\" width=\"189\">Seg\u00fan el periodo de tiempo que permanecen instaladas en el terminal del usuario o permanecen activas.<\/td>\n<td width=\"189\">De sesi\u00f3n<\/td>\n<td width=\"189\">Dise\u00f1adas para recabar datos \u00fanicamente mientras el usuario est\u00e1 conectado al sitio web.<\/td>\n<\/tr>\n<tr>\n<td width=\"189\">Persistentes<\/td>\n<td width=\"189\">Dise\u00f1adas para recabar datos aun cuando el usuario ya no est\u00e9 conectado con el sitio web teniendo una duraci\u00f3n establecida por quien gestiona o env\u00eda la cookie.<\/td>\n<\/tr>\n<tr>\n<td rowspan=\"4\" width=\"189\">Seg\u00fan la finalidad para la que se traten los datos obtenidos de las mismas.<\/td>\n<td width=\"189\">T\u00e9cnicas<\/td>\n<td width=\"189\">Facilitan la navegaci\u00f3n del usuario por el sitio web o le prestan un servicio por \u00e9l solicitado.<\/td>\n<\/tr>\n<tr>\n<td width=\"189\">De personalizaci\u00f3n<\/td>\n<td width=\"189\">Permiten al usuario acceder al sitio web con base en una configuraci\u00f3n predeterminada acorde a su necesidad (Ej. Idioma, navegador, resoluci\u00f3n pantalla, edad, etc.).<\/td>\n<\/tr>\n<tr>\n<td width=\"189\">Anal\u00edticas<\/td>\n<td width=\"189\">Permiten conocer el comportamiento del usuario en el sitio web y la elaboraci\u00f3n de perfiles de navegaci\u00f3n. Est\u00e1n generalmente asociadas a un uso estad\u00edstico.<\/td>\n<\/tr>\n<tr>\n<td width=\"189\">Publicitarias y Comportamentales<\/td>\n<td width=\"189\">Permiten presentar publicidad espec\u00edfica al usuario en funci\u00f3n de sus preferencias y el estudio de sus h\u00e1bitos de navegaci\u00f3n. (Ej. Cookie para hacer re marketing).<\/td>\n<\/tr>\n<\/tbody>\n<\/table>\n<\/div>\n<p>En la siguiente tabla se relaciona las cookies utilizadas por Construcciones Met\u00e1licas Romero Alarc\u00f3n SL. as\u00ed otra informaci\u00f3n de inter\u00e9s que puede ser de utilidad para el usuario:<\/p>\n<div class=\"table-responsive\">\n<table>\n<tbody>\n<tr>\n<td colspan=\"5\">COOKIES T\u00c9CNICAS<\/td>\n<\/tr>\n<tr>\n<td><strong>Responsable<\/strong><\/td>\n<td><strong>Tipo de cookies<\/strong><\/td>\n<td><strong>Nombre<\/strong><\/td>\n<td><strong>Prop\u00f3sito<\/strong><\/td>\n<td><strong>Caducidad<\/strong><\/td>\n<\/tr>\n<tr>\n<td>Construcciones Met\u00e1licas Romero Alarc\u00f3n SL.<\/td>\n<td>T\u00e9cnica<\/td>\n<td>PHPSESSID<\/td>\n<td>Esta cookie es originaria de las aplicaciones PHP. La cookie almacena e identifica el ID de sesi\u00f3n \u00fanico de un usuario para gestionar las sesiones de los usuarios en el sitio web. La cookie es de sesi\u00f3n y se borrar\u00e1 cuando se cierren todas las ventanas del navegador.<\/td>\n<td>Caduca al finalizar la sesi\u00f3n<\/td>\n<\/tr>\n<tr>\n<td>Construcciones Met\u00e1licas Romero Alarc\u00f3n SL.<\/td>\n<td>T\u00e9cnica<\/td>\n<td>cookieyes-consent<\/td>\n<td>CookieYes establece esta cookie para recordar las preferencias de consentimiento de los usuarios, de modo que se respeten sus preferencias en las siguientes visitas a este sitio. No recoge ni almacena ninguna informaci\u00f3n personal sobre los visitantes del sitio.<\/td>\n<td>12 meses<\/td>\n<\/tr>\n<tr>\n<td>Google<\/td>\n<td>T\u00e9cnica<\/td>\n<td>_GRECAPTCHA<\/td>\n<td>El servicio Recaptcha de Google establece esta cookie para identificar bots y proteger el sitio web contra ataques de spam malintencionados.<\/td>\n<td>6 meses<\/td>\n<\/tr>\n<\/tbody>\n<\/table>\n<table>\n<tbody>\n<tr>\n<td colspan=\"5\">COOKIES ANAL\u00cdTICAS<\/td>\n<\/tr>\n<tr>\n<td><strong>Responsable<\/strong><\/td>\n<td><strong>Tipo de cookies<\/strong><\/td>\n<td><strong>Nombre<\/strong><\/td>\n<td><strong>Prop\u00f3sito<\/strong><\/td>\n<td><strong>Caducidad<\/strong><\/td>\n<\/tr>\n<tr>\n<td>Google Analytics<\/td>\n<td>Anal\u00edtica<\/td>\n<td>_ga, _ga_*, _gat_gtag_UA_ID, _gid<\/td>\n<td>Se utilizan para generar un identificador de usuario \u00fanico (no se env\u00eda IP), utilizado para hacer recuento de cu\u00e1ntas veces visita el sitio un usuario, as\u00ed como la fecha de la primera y la \u00faltima vez que visit\u00f3 la web. Registran la fecha y hora de acceso a cualquiera de las p\u00e1ginas del portal. Comprueban la necesidad de mantener la sesi\u00f3n de un usuario abierta o crear una nueva. Identifican la sesi\u00f3n del usuario, para recoger la ubicaci\u00f3n geogr\u00e1fica aproximada del ordenador que accede al portal.<\/td>\n<td>2 a\u00f1os<\/td>\n<\/tr>\n<\/tbody>\n<\/table>\n<\/div>\n<p>El usuario puede evitar la generaci\u00f3n o instalaci\u00f3n de cookies, as\u00ed como bloquear o eliminar las mismas mediante la selecci\u00f3n de la opci\u00f3n correspondiente en el men\u00fa de su navegador.<\/p>\n<p>Sin embargo, en este caso le advertimos que es posible que el usuario no pueda acceder a los servicios ofertados en la web o lo haga de forma parcial o no satisfactoria. A continuaci\u00f3n, se facilita informaci\u00f3n sobre c\u00f3mo configurar deforma personalizada los aspectos relativos a cookies en los navegadores y dispositivos de uso m\u00e1s com\u00fan:<\/p>\n<ul>\n<li><a href=\"https:\/\/support.mozilla.org\/es\/kb\/cookies-informacion-que-los-sitios-web-guardan-en-\">Mozilla Firefox<\/a><\/li>\n<li><a href=\"https:\/\/support.google.com\/chrome\/answer\/95647?hl=es\">Google Chrome<\/a>\u00a0(Ordenador, Android, iPhone y iPad)<\/li>\n<li><a href=\"https:\/\/support.microsoft.com\/es-es\/help\/4027947\/microsoft-edge-delete-cookies\">Microsoft Edge<\/a><\/li>\n<li><a href=\"https:\/\/support.microsoft.com\/es-es\/help\/17442\/windows-internet-explorer-delete-manage-cookies\">Internet Explorer<\/a><\/li>\n<li><a href=\"https:\/\/support.apple.com\/es-es\/guide\/safari\/sfri11471\/mac\">Safari<\/a><\/li>\n<li><a href=\"https:\/\/support.apple.com\/es-es\/HT201265\">Safari para IOS (iPhone y iPad)<\/a><\/li>\n<\/ul>\n<h2>Informaci\u00f3n y Consentimiento<\/h2>\n<p>El usuario, al visitar y continuar con la navegaci\u00f3n en el presente sitio web manifiesta que ha sido informado suficientemente, as\u00ed como su consentimiento en relaci\u00f3n con el uso de cookies por parte de Construcciones Met\u00e1licas Romero Alarc\u00f3n SL. en los t\u00e9rminos enunciados en este documento.<\/p>\n<p>En todo caso, el usuario podr\u00e1 en cualquier momento revocar su consentimiento para la instalaci\u00f3n de las cookies mediante la opci\u00f3n de \u201cConfiguraci\u00f3n\u201d de su navegador.<\/p>\n<h2>Modificaci\u00f3n<\/h2>\n<p>Construcciones Met\u00e1licas Romero Alarc\u00f3n SL. se reserva el derecho de modificar su pol\u00edtica de cookies por adaptaci\u00f3n a la legislaci\u00f3n vigente, u otros motivos. Por este motivo se recomienda al usuario del sitio web la revisi\u00f3n peri\u00f3dica de esta p\u00e1gina.<\/p>\t\t\t\t\t\t\t\t<\/div>\n\t\t\t\t\t<\/div>\n\t\t\t\t<\/div>\n\t\t\t\t<\/div>\n\t\t","protected":false},"excerpt":{"rendered":"<p>Construcciones Met\u00e1licas Romero Alarc\u00f3n SL. ha elaborado el presente documento con el fin de informarte como usuario del sitio web https:\/\/www.romeroalarcon.com\/, de qu\u00e9 es una cookie, cu\u00e1l es su finalidad, cu\u00e1les con las que empleamos en este sitio web y [&hellip;]<\/p>\n","protected":false},"author":1,"featured_media":0,"parent":0,"menu_order":0,"comment_status":"closed","ping_status":"open","template":"","meta":{"footnotes":""},"class_list":["post-10570","page","type-page","status-publish","hentry"],"_links":{"self":[{"href":"https:\/\/empresas28.hachete.com\/romeroalarcon\/wp-json\/wp\/v2\/pages\/10570","targetHints":{"allow":["GET"]}}],"collection":[{"href":"https:\/\/empresas28.hachete.com\/romeroalarcon\/wp-json\/wp\/v2\/pages"}],"about":[{"href":"https:\/\/empresas28.hachete.com\/romeroalarcon\/wp-json\/wp\/v2\/types\/page"}],"author":[{"embeddable":true,"href":"https:\/\/empresas28.hachete.com\/romeroalarcon\/wp-json\/wp\/v2\/users\/1"}],"replies":[{"embeddable":true,"href":"https:\/\/empresas28.hachete.com\/romeroalarcon\/wp-json\/wp\/v2\/comments?post=10570"}],"version-history":[{"count":8,"href":"https:\/\/empresas28.hachete.com\/romeroalarcon\/wp-json\/wp\/v2\/pages\/10570\/revisions"}],"predecessor-version":[{"id":10603,"href":"https:\/\/empresas28.hachete.com\/romeroalarcon\/wp-json\/wp\/v2\/pages\/10570\/revisions\/10603"}],"wp:attachment":[{"href":"https:\/\/empresas28.hachete.com\/romeroalarcon\/wp-json\/wp\/v2\/media?parent=10570"}],"curies":[{"name":"wp","href":"https:\/\/api.w.org\/{rel}","templated":true}]}}