{"id":9531,"date":"2026-03-30T11:40:26","date_gmt":"2026-03-30T09:40:26","guid":{"rendered":"https:\/\/empresas28.hachete.com\/romeroalarcon\/?page_id=9531"},"modified":"2026-04-13T08:56:11","modified_gmt":"2026-04-13T06:56:11","slug":"empresa","status":"publish","type":"page","link":"https:\/\/empresas28.hachete.com\/romeroalarcon\/empresa\/","title":{"rendered":"Empresa"},"content":{"rendered":"\t\t<div data-elementor-type=\"wp-page\" data-elementor-id=\"9531\" class=\"elementor elementor-9531\">\n\t\t\t\t\t\t<section class=\"elementor-section elementor-top-section elementor-element elementor-element-297a522 pt pb historia mkdf-elementor-row-grid-section elementor-section-boxed elementor-section-height-default elementor-section-height-default mkdf-parallax-row-no mkdf-content-aligment-left mkdf-disabled-bg-image-bellow-no mkdf-row-btt-light\" data-id=\"297a522\" data-element_type=\"section\" data-e-type=\"section\" id=\"historia\">\n\t\t\t\t\t\t<div class=\"elementor-container elementor-column-gap-default\">\n\t\t\t\t\t<div class=\"elementor-column elementor-col-50 elementor-top-column elementor-element elementor-element-b9e066e\" data-id=\"b9e066e\" data-element_type=\"column\" data-e-type=\"column\">\n\t\t\t<div class=\"elementor-widget-wrap elementor-element-populated\">\n\t\t\t\t\t\t<section class=\"elementor-section elementor-inner-section elementor-element elementor-element-70211fc elementor-section-boxed elementor-section-height-default elementor-section-height-default mkdf-parallax-row-no mkdf-content-aligment-left mkdf-elementor-row-grid-no mkdf-disabled-bg-image-bellow-no mkdf-row-btt-light\" data-id=\"70211fc\" data-element_type=\"section\" data-e-type=\"section\">\n\t\t\t\t\t\t<div class=\"elementor-container elementor-column-gap-default\">\n\t\t\t\t\t<div class=\"elementor-column elementor-col-100 elementor-inner-column elementor-element elementor-element-f263994\" data-id=\"f263994\" data-element_type=\"column\" data-e-type=\"column\">\n\t\t\t<div class=\"elementor-widget-wrap elementor-element-populated\">\n\t\t\t\t\t\t<div class=\"elementor-element elementor-element-6c91d48 elementor-widget elementor-widget-mkdf_section_title\" data-id=\"6c91d48\" data-element_type=\"widget\" data-e-type=\"widget\" data-widget_type=\"mkdf_section_title.default\">\n\t\t\t\t<div class=\"elementor-widget-container\">\n\t\t\t\t\t<div class=\"mkdf-section-title-holder  mkdf-st-standard   \" >\n\t<div class=\"mkdf-st-inner\">\n        \t\t\t\t\t<h2 class=\"mkdf-st-title\" >\n\t\t\t\tHistoria\t\t\t<\/h2>\n\t\t\t\t\t\t\t<h5 class=\"mkdf-st-text\" >\n\t\t\t\tSomos una empresa murciana con 50 a\u00f1os de experiencia en el sector de la construcci\u00f3n industrial.\t\t\t<\/h5>\n\t\t\t<\/div>\n<\/div>\t\t\t\t<\/div>\n\t\t\t\t<\/div>\n\t\t\t\t<div class=\"elementor-element elementor-element-dd074b5 elementor-widget elementor-widget-text-editor\" data-id=\"dd074b5\" data-element_type=\"widget\" data-e-type=\"widget\" data-widget_type=\"text-editor.default\">\n\t\t\t\t\t\t\t\t\t<p>Iniciamos nuestra andadura en el a\u00f1o 1965 con un peque\u00f1o taller de carpinter\u00eda, estructuras y servicios de mantenimiento a otras industrias.<\/p><p>Con el paso de los a\u00f1os hemos reorientado nuestra actividad a las estructuras met\u00e1licas, adapt\u00e1ndonos a las nuevas necesidades del mercado, y hemos transformado aquel peque\u00f1o taller en una gran empresa, tomada como referencia en el mercado de la construcci\u00f3n a nivel nacional e internacional y que vela por dar el mejor servicio, siempre bajo el lema de compromiso de calidad, innovaci\u00f3n y experiencia, valores que perduran en el paso de tiempo y aplicamos con ah\u00ednco a cada proyecto afrontado.<\/p>\t\t\t\t\t\t\t\t<\/div>\n\t\t\t\t\t<\/div>\n\t\t<\/div>\n\t\t\t\t\t<\/div>\n\t\t<\/section>\n\t\t\t\t\t<\/div>\n\t\t<\/div>\n\t\t\t\t<div class=\"elementor-column elementor-col-50 elementor-top-column elementor-element elementor-element-67c7d86\" data-id=\"67c7d86\" data-element_type=\"column\" data-e-type=\"column\" data-settings=\"{&quot;background_background&quot;:&quot;classic&quot;}\">\n\t\t\t<div class=\"elementor-widget-wrap elementor-element-populated\">\n\t\t\t\t\t\t<div class=\"elementor-element elementor-element-3912805 elementor-widget elementor-widget-mkdf_stacked_images\" data-id=\"3912805\" data-element_type=\"widget\" data-e-type=\"widget\" data-widget_type=\"mkdf_stacked_images.default\">\n\t\t\t\t<div class=\"elementor-widget-container\">\n\t\t\t\t\t<div class=\"mkdf-stacked-images-holder  \">\n\t<div class=\"mkdf-si-images\">\n\t\t\t\t\t<img fetchpriority=\"high\" decoding=\"async\" width=\"608\" height=\"337\" src=\"https:\/\/empresas28.hachete.com\/romeroalarcon\/wp-content\/uploads\/2026\/03\/historia.webp\" class=\"mkdf-si-first-image\" alt=\"\" srcset=\"https:\/\/empresas28.hachete.com\/romeroalarcon\/wp-content\/uploads\/2026\/03\/historia.webp 608w, https:\/\/empresas28.hachete.com\/romeroalarcon\/wp-content\/uploads\/2026\/03\/historia-300x166.webp 300w\" sizes=\"(max-width: 608px) 100vw, 608px\" \/>\t\t\t\t\t\t\t<img decoding=\"async\" width=\"608\" height=\"435\" src=\"https:\/\/empresas28.hachete.com\/romeroalarcon\/wp-content\/uploads\/2026\/03\/empresa-2.webp\" class=\"mkdf-si-stack-image\" alt=\"\" srcset=\"https:\/\/empresas28.hachete.com\/romeroalarcon\/wp-content\/uploads\/2026\/03\/empresa-2.webp 608w, https:\/\/empresas28.hachete.com\/romeroalarcon\/wp-content\/uploads\/2026\/03\/empresa-2-300x215.webp 300w\" sizes=\"(max-width: 608px) 100vw, 608px\" \/>\t\t\t<\/div>\n<\/div>\t\t\t\t<\/div>\n\t\t\t\t<\/div>\n\t\t\t\t\t<\/div>\n\t\t<\/div>\n\t\t\t\t\t<\/div>\n\t\t<\/section>\n\t\t<div class=\"mkdf-elementor-row mkdf-row-with-bg-pattern\" style=\"\">\t\t<section class=\"elementor-section elementor-top-section elementor-element elementor-element-a50048f mkdf-elementor-row-grid-section elementor-section-full_width pt pb elementor-section-height-default elementor-section-height-default mkdf-parallax-row-no mkdf-content-aligment-left mkdf-disabled-bg-image-bellow-no mkdf-row-btt-light\" data-id=\"a50048f\" data-element_type=\"section\" data-e-type=\"section\" id=\"filosofia\" data-settings=\"{&quot;background_background&quot;:&quot;classic&quot;}\">\n\t\t\t\t\t\t<div class=\"elementor-container elementor-column-gap-default\">\n\t\t\t\t\t<div class=\"elementor-column elementor-col-50 elementor-top-column elementor-element elementor-element-ae28ab8 elementor-hidden-tablet elementor-hidden-mobile\" data-id=\"ae28ab8\" data-element_type=\"column\" data-e-type=\"column\" data-settings=\"{&quot;background_background&quot;:&quot;classic&quot;}\">\n\t\t\t<div class=\"elementor-widget-wrap\">\n\t\t\t\t\t\t\t<\/div>\n\t\t<\/div>\n\t\t\t\t<div class=\"elementor-column elementor-col-50 elementor-top-column elementor-element elementor-element-a6f9b37\" data-id=\"a6f9b37\" data-element_type=\"column\" data-e-type=\"column\">\n\t\t\t<div class=\"elementor-widget-wrap elementor-element-populated\">\n\t\t\t\t\t\t<div class=\"elementor-element elementor-element-d8634c8 elementor-widget elementor-widget-mkdf_section_title\" data-id=\"d8634c8\" data-element_type=\"widget\" data-e-type=\"widget\" data-widget_type=\"mkdf_section_title.default\">\n\t\t\t\t<div class=\"elementor-widget-container\">\n\t\t\t\t\t<div class=\"mkdf-section-title-holder  mkdf-st-standard   \" >\n\t<div class=\"mkdf-st-inner\">\n        \t\t\t\t\t<h2 class=\"mkdf-st-title\" >\n\t\t\t\tFilosof\u00eda\t\t\t<\/h2>\n\t\t\t\t\t\t\t<h5 class=\"mkdf-st-text\" >\n\t\t\t\tApostamos por la mejora continua de nuestros procesos.\t\t\t<\/h5>\n\t\t\t<\/div>\n<\/div>\t\t\t\t<\/div>\n\t\t\t\t<\/div>\n\t\t\t\t<div class=\"elementor-element elementor-element-5065c50 elementor-widget elementor-widget-text-editor\" data-id=\"5065c50\" data-element_type=\"widget\" data-e-type=\"widget\" data-widget_type=\"text-editor.default\">\n\t\t\t\t\t\t\t\t\t<p>As\u00ed lo plasmamos a diario, tanto en las oficinas centrales, como en nuestro equipo de colaboradores distribuidos por todo el mundo, s\u00edntoma de la capacidad de adaptaci\u00f3n de la que hemos hecho gala siempre, del esfuerzo por el que somos conocidos y la pol\u00edtica de expansi\u00f3n en la que estamos inmersos.<\/p>\t\t\t\t\t\t\t\t<\/div>\n\t\t\t\t<div class=\"elementor-element elementor-element-6e74ccd icono elementor-widget elementor-widget-mkdf_icon_with_text\" data-id=\"6e74ccd\" data-element_type=\"widget\" data-e-type=\"widget\" data-widget_type=\"mkdf_icon_with_text.default\">\n\t\t\t\t<div class=\"elementor-widget-container\">\n\t\t\t\t\t<div class=\"mkdf-iwt clearfix  mkdf-iwt-icon-left  mkdf-iwt-icon-medium\" >\n\t<div class=\"mkdf-iwt-icon\">\n\t\t\t\t\t\t\t\t\t<img decoding=\"async\" width=\"67\" height=\"64\" src=\"https:\/\/empresas28.hachete.com\/romeroalarcon\/wp-content\/uploads\/2019\/02\/h5-icon-img-02.png\" class=\"attachment-full size-full\" alt=\"a\" \/>                \t\t\t<\/div>\n\t<div class=\"mkdf-iwt-content\" >\n        \t\t\t\t\t<h4 class=\"mkdf-iwt-title\" style=\"margin-top: -4px\">\n\t\t\t\t\t\t\t\t<span class=\"mkdf-iwt-title-text\">Calidad, Medio Ambiente, responsabilidad y compromiso<\/span>\n\t\t\t\t\t\t\t<\/h4>\n\t\t\t\t\t\t\t<p class=\"mkdf-iwt-text\" style=\"margin-top: 14px\">La calidad es el pilar fundamental de nuestra empresa, construyendo bajo la estricta supervisi\u00f3n de nuestros expertos y cumpliendo la normativa existente en cada paso que damos. En Romero Alarc\u00f3n estamos concienciados con el Medio Ambiente, implantado las medidas oportunas en este importante tema y actuando con responsabilidad y compromiso.<\/p>\n\t\t\t<\/div>\n<\/div>\t\t\t\t<\/div>\n\t\t\t\t<\/div>\n\t\t\t\t<div class=\"elementor-element elementor-element-9146a87 icono elementor-widget elementor-widget-mkdf_icon_with_text\" data-id=\"9146a87\" data-element_type=\"widget\" data-e-type=\"widget\" data-widget_type=\"mkdf_icon_with_text.default\">\n\t\t\t\t<div class=\"elementor-widget-container\">\n\t\t\t\t\t<div class=\"mkdf-iwt clearfix  mkdf-iwt-icon-left  mkdf-iwt-icon-medium\" >\n\t<div class=\"mkdf-iwt-icon\">\n\t\t\t\t\t\t\t\t\t<img loading=\"lazy\" decoding=\"async\" width=\"71\" height=\"64\" src=\"https:\/\/empresas28.hachete.com\/romeroalarcon\/wp-content\/uploads\/2019\/02\/h5-icon-img-05.png\" class=\"attachment-full size-full\" alt=\"a\" \/>                \t\t\t<\/div>\n\t<div class=\"mkdf-iwt-content\" >\n        \t\t\t\t\t<h4 class=\"mkdf-iwt-title\" style=\"margin-top: -4px\">\n\t\t\t\t\t\t\t\t<span class=\"mkdf-iwt-title-text\">Confianza, cercan\u00eda, seguridad y responsabilidad<\/span>\n\t\t\t\t\t\t\t<\/h4>\n\t\t\t\t\t\t\t<p class=\"mkdf-iwt-text\" style=\"margin-top: 14px\">La prevenci\u00f3n y el trabajo en equipo son parte de nuestro d\u00eda a d\u00eda. Entendemos que la seguridad y la responsabilidad en el trabajo van de la mano, obteniendo unos altos \u00edndices de ambos indicadores. Nuestros trabajadores son uno de nuestros principales activos.<\/p>\n\t\t\t<\/div>\n<\/div>\t\t\t\t<\/div>\n\t\t\t\t<\/div>\n\t\t\t\t\t<\/div>\n\t\t<\/div>\n\t\t\t\t\t<\/div>\n\t\t<\/section>\n\t\t<div class=\"mkdf-row-background-pattern-holder\"><div class=\"mkdf-row-background-pattern-left\"><\/div><div class=\"mkdf-row-background-pattern-right\"><\/div><\/div><\/div>\t\t<section class=\"elementor-section elementor-top-section elementor-element elementor-element-de94794 mkdf-elementor-row-grid-section elementor-section-full_width pt pb elementor-reverse-tablet elementor-reverse-mobile elementor-section-height-default elementor-section-height-default mkdf-parallax-row-no mkdf-content-aligment-left mkdf-disabled-bg-image-bellow-no mkdf-row-btt-light\" data-id=\"de94794\" data-element_type=\"section\" data-e-type=\"section\" id=\"equipo\" data-settings=\"{&quot;background_background&quot;:&quot;classic&quot;}\">\n\t\t\t\t\t\t<div class=\"elementor-container elementor-column-gap-default\">\n\t\t\t\t\t<div class=\"elementor-column elementor-col-50 elementor-top-column elementor-element elementor-element-deb9973\" data-id=\"deb9973\" data-element_type=\"column\" data-e-type=\"column\">\n\t\t\t<div class=\"elementor-widget-wrap elementor-element-populated\">\n\t\t\t\t\t\t<div class=\"elementor-element elementor-element-5b7ad1c elementor-widget elementor-widget-mkdf_section_title\" data-id=\"5b7ad1c\" data-element_type=\"widget\" data-e-type=\"widget\" data-widget_type=\"mkdf_section_title.default\">\n\t\t\t\t<div class=\"elementor-widget-container\">\n\t\t\t\t\t<div class=\"mkdf-section-title-holder  mkdf-st-standard   \" >\n\t<div class=\"mkdf-st-inner\">\n        \t\t\t\t\t<h2 class=\"mkdf-st-title\" >\n\t\t\t\tEquipo\t\t\t<\/h2>\n\t\t\t\t\t\t\t<h5 class=\"mkdf-st-text\" >\n\t\t\t\tEn Construcciones Romero Alarc\u00f3n contamos con un gran equipo de profesionales especializados en todos los \u00e1mbitos de nuestro negocio.\n\t\t\t<\/h5>\n\t\t\t<\/div>\n<\/div>\t\t\t\t<\/div>\n\t\t\t\t<\/div>\n\t\t\t\t<div class=\"elementor-element elementor-element-a2b20f5 elementor-widget elementor-widget-text-editor\" data-id=\"a2b20f5\" data-element_type=\"widget\" data-e-type=\"widget\" data-widget_type=\"text-editor.default\">\n\t\t\t\t\t\t\t\t\t<p>Lo que hace de nuestra empresa un negocio competitivo y profesional. Adem\u00e1s, poseemos m\u00e1s de 6000 m\u00b2 de instalaciones propias, una amplia flota de veh\u00edculos y la tecnolog\u00eda m\u00e1s avanzada del mercado, lo cual nos permite proporcionar un excepcional servicio al cliente.<\/p><p>El equipo humano es clave en el devenir diario de las operaciones de Romero Alarc\u00f3n. Entendemos este activo y actuamos de forma primordial con sus necesidades. Desarrollando acciones de formaci\u00f3n continua y mejoras laborales desde una perspectiva din\u00e1mica y motivadora.<\/p>\t\t\t\t\t\t\t\t<\/div>\n\t\t\t\t\t<\/div>\n\t\t<\/div>\n\t\t\t\t<div class=\"elementor-column elementor-col-50 elementor-top-column elementor-element elementor-element-f307005\" data-id=\"f307005\" data-element_type=\"column\" data-e-type=\"column\" data-settings=\"{&quot;background_background&quot;:&quot;classic&quot;}\">\n\t\t\t<div class=\"elementor-widget-wrap elementor-element-populated\">\n\t\t\t\t\t\t<div class=\"elementor-element elementor-element-a813df0 mkdf-appearing-section mkdf-eh-item-project elementor-widget elementor-widget-image\" data-id=\"a813df0\" data-element_type=\"widget\" data-e-type=\"widget\" data-widget_type=\"image.default\">\n\t\t\t\t\t\t\t\t\t\t\t\t\t\t\t<img loading=\"lazy\" decoding=\"async\" width=\"1024\" height=\"683\" src=\"https:\/\/empresas28.hachete.com\/romeroalarcon\/wp-content\/uploads\/2026\/03\/preconstruccion-1024x683.webp\" class=\"attachment-large size-large wp-image-9472\" alt=\"\" srcset=\"https:\/\/empresas28.hachete.com\/romeroalarcon\/wp-content\/uploads\/2026\/03\/preconstruccion-1024x683.webp 1024w, https:\/\/empresas28.hachete.com\/romeroalarcon\/wp-content\/uploads\/2026\/03\/preconstruccion-300x200.webp 300w, https:\/\/empresas28.hachete.com\/romeroalarcon\/wp-content\/uploads\/2026\/03\/preconstruccion-768x512.webp 768w, https:\/\/empresas28.hachete.com\/romeroalarcon\/wp-content\/uploads\/2026\/03\/preconstruccion.webp 1424w\" sizes=\"(max-width: 1024px) 100vw, 1024px\" \/>\t\t\t\t\t\t\t\t\t\t\t\t\t\t\t<\/div>\n\t\t\t\t\t<\/div>\n\t\t<\/div>\n\t\t\t\t\t<\/div>\n\t\t<\/section>\n\t\t\t\t<section class=\"elementor-section elementor-top-section elementor-element elementor-element-aeb7706 mkdf-elementor-row-grid-section elementor-section-full_width pt pb elementor-reverse-tablet elementor-reverse-mobile elementor-section-height-default elementor-section-height-default mkdf-parallax-row-no mkdf-content-aligment-left mkdf-disabled-bg-image-bellow-no mkdf-row-btt-light\" data-id=\"aeb7706\" data-element_type=\"section\" data-e-type=\"section\" data-settings=\"{&quot;background_background&quot;:&quot;classic&quot;}\">\n\t\t\t\t\t\t<div class=\"elementor-container elementor-column-gap-default\">\n\t\t\t\t\t<div class=\"elementor-column elementor-col-50 elementor-top-column elementor-element elementor-element-0c51289\" data-id=\"0c51289\" data-element_type=\"column\" data-e-type=\"column\" data-settings=\"{&quot;background_background&quot;:&quot;classic&quot;}\">\n\t\t\t<div class=\"elementor-widget-wrap elementor-element-populated\">\n\t\t\t\t\t\t<div class=\"elementor-element elementor-element-39bd01a mkdf-appearing-section mkdf-eh-item-project elementor-widget elementor-widget-image\" data-id=\"39bd01a\" data-element_type=\"widget\" data-e-type=\"widget\" data-widget_type=\"image.default\">\n\t\t\t\t\t\t\t\t\t\t\t\t\t\t\t<img loading=\"lazy\" decoding=\"async\" width=\"687\" height=\"517\" src=\"https:\/\/empresas28.hachete.com\/romeroalarcon\/wp-content\/uploads\/2026\/04\/mapa.png\" class=\"attachment-large size-large wp-image-10522\" alt=\"\" srcset=\"https:\/\/empresas28.hachete.com\/romeroalarcon\/wp-content\/uploads\/2026\/04\/mapa.png 687w, https:\/\/empresas28.hachete.com\/romeroalarcon\/wp-content\/uploads\/2026\/04\/mapa-300x226.png 300w\" sizes=\"(max-width: 687px) 100vw, 687px\" \/>\t\t\t\t\t\t\t\t\t\t\t\t\t\t\t<\/div>\n\t\t\t\t\t<\/div>\n\t\t<\/div>\n\t\t\t\t<div class=\"elementor-column elementor-col-50 elementor-top-column elementor-element elementor-element-b2b2e88\" data-id=\"b2b2e88\" data-element_type=\"column\" data-e-type=\"column\">\n\t\t\t<div class=\"elementor-widget-wrap elementor-element-populated\">\n\t\t\t\t\t\t<div class=\"elementor-element elementor-element-2b0df64 elementor-widget elementor-widget-mkdf_section_title\" data-id=\"2b0df64\" data-element_type=\"widget\" data-e-type=\"widget\" data-widget_type=\"mkdf_section_title.default\">\n\t\t\t\t<div class=\"elementor-widget-container\">\n\t\t\t\t\t<div class=\"mkdf-section-title-holder  mkdf-st-standard   \" >\n\t<div class=\"mkdf-st-inner\">\n        \t\t\t\t\t<h2 class=\"mkdf-st-title\" >\n\t\t\t\t\u00c1mbito Geogr\u00e1fico\t\t\t<\/h2>\n\t\t\t\t\t\t\t<p class=\"mkdf-st-text\" style=\"margin-top: 20px\">\n\t\t\t\tCon sede en Murcia, Romero Alarc\u00f3n presta servicio a nivel nacional e internacional.\t\t\t<\/p>\n\t\t\t<\/div>\n<\/div>\t\t\t\t<\/div>\n\t\t\t\t<\/div>\n\t\t\t\t\t<\/div>\n\t\t<\/div>\n\t\t\t\t\t<\/div>\n\t\t<\/section>\n\t\t\t\t<section class=\"elementor-section elementor-top-section elementor-element elementor-element-2e8e356 elementor-section-boxed elementor-section-height-default elementor-section-height-default mkdf-parallax-row-no mkdf-content-aligment-left mkdf-elementor-row-grid-no mkdf-disabled-bg-image-bellow-no mkdf-row-btt-light\" data-id=\"2e8e356\" data-element_type=\"section\" data-e-type=\"section\" data-settings=\"{&quot;background_background&quot;:&quot;classic&quot;}\">\n\t\t\t\t\t\t<div class=\"elementor-container elementor-column-gap-default\">\n\t\t\t\t\t<div class=\"elementor-column elementor-col-50 elementor-top-column elementor-element elementor-element-df088d8 elementor-hidden-tablet elementor-hidden-phone\" data-id=\"df088d8\" data-element_type=\"column\" data-e-type=\"column\">\n\t\t\t<div class=\"elementor-widget-wrap\">\n\t\t\t\t\t\t\t<\/div>\n\t\t<\/div>\n\t\t\t\t<div class=\"elementor-column elementor-col-50 elementor-top-column elementor-element elementor-element-f713b06 mkdf-appearing-section mkdf-eh-item-project\" data-id=\"f713b06\" data-element_type=\"column\" data-e-type=\"column\" data-settings=\"{&quot;background_background&quot;:&quot;classic&quot;}\">\n\t\t\t<div class=\"elementor-widget-wrap elementor-element-populated\">\n\t\t\t\t\t\t<div class=\"elementor-element elementor-element-66a5675 elementor-widget elementor-widget-mkdf_section_title\" data-id=\"66a5675\" data-element_type=\"widget\" data-e-type=\"widget\" data-widget_type=\"mkdf_section_title.default\">\n\t\t\t\t<div class=\"elementor-widget-container\">\n\t\t\t\t\t<div class=\"mkdf-section-title-holder  mkdf-st-standard   \" >\n\t<div class=\"mkdf-st-inner\">\n                    <h6 class=\"mkdf-st-intro-title\" style=\"color: #FFFFFF\">\n                Infraestructura eficiente            <\/h6>\n        \t\t\t\t\t<h2 class=\"mkdf-st-title\" style=\"color: #FFFFFF\">\n\t\t\t\tInstalaciones\t\t\t<\/h2>\n\t\t\t\t\t\t\t<p class=\"mkdf-st-text\" style=\"color: #FFFFFF\">\n\t\t\t\tContamos unas instalaciones segmentadas en departamentos en funci\u00f3n de las necesidades de cada momento.\n\nLo que nos permite asignar recursos y optimizar econ\u00f3micamente los procesos. Las instalaciones abarcan 5.000 m\u00b2.\n\n\t\t\t<\/p>\n\t\t\t<\/div>\n<\/div>\t\t\t\t<\/div>\n\t\t\t\t<\/div>\n\t\t\t\t<div class=\"elementor-element elementor-element-5440b25 elementor-widget elementor-widget-mkdf_button\" data-id=\"5440b25\" data-element_type=\"widget\" data-e-type=\"widget\" data-widget_type=\"mkdf_button.default\">\n\t\t\t\t<div class=\"elementor-widget-container\">\n\t\t\t\t\t<a itemprop=\"url\" href=\"https:\/\/empresas28.hachete.com\/romeroalarcon\/contacto\/\" target=\"_self\" style=\"color: #FFFFFF;background-color: #FFFFFF;border-color: #FFFFFF\" class=\"mkdf-btn mkdf-btn-medium mkdf-btn-solid mkdf-btn-custom-hover-color\" data-hover-color=\"#FFFFFF\" 0=\"color: #FFFFFF\" 1=\"background-color: #FFFFFF\" 2=\"border-color: #FFFFFF\">\n    <span class=\"mkdf-btn-text\">Solicitar contacto<\/span>\n    <i class=\"mkdf-icon-dripicons dripicon  \" ><\/i><\/a>\t\t\t\t<\/div>\n\t\t\t\t<\/div>\n\t\t\t\t\t<\/div>\n\t\t<\/div>\n\t\t\t\t\t<\/div>\n\t\t<\/section>\n\t\t\t\t<\/div>\n\t\t","protected":false},"excerpt":{"rendered":"<p>Historia Somos una empresa murciana con 50 a\u00f1os de experiencia en el sector de la construcci\u00f3n industrial. Iniciamos nuestra andadura en el a\u00f1o 1965 con un peque\u00f1o taller de carpinter\u00eda, estructuras y servicios de mantenimiento a otras industrias. Con el [&hellip;]<\/p>\n","protected":false},"author":1,"featured_media":0,"parent":0,"menu_order":0,"comment_status":"closed","ping_status":"closed","template":"full-width.php","meta":{"footnotes":""},"class_list":["post-9531","page","type-page","status-publish","hentry"],"_links":{"self":[{"href":"https:\/\/empresas28.hachete.com\/romeroalarcon\/wp-json\/wp\/v2\/pages\/9531","targetHints":{"allow":["GET"]}}],"collection":[{"href":"https:\/\/empresas28.hachete.com\/romeroalarcon\/wp-json\/wp\/v2\/pages"}],"about":[{"href":"https:\/\/empresas28.hachete.com\/romeroalarcon\/wp-json\/wp\/v2\/types\/page"}],"author":[{"embeddable":true,"href":"https:\/\/empresas28.hachete.com\/romeroalarcon\/wp-json\/wp\/v2\/users\/1"}],"replies":[{"embeddable":true,"href":"https:\/\/empresas28.hachete.com\/romeroalarcon\/wp-json\/wp\/v2\/comments?post=9531"}],"version-history":[{"count":241,"href":"https:\/\/empresas28.hachete.com\/romeroalarcon\/wp-json\/wp\/v2\/pages\/9531\/revisions"}],"predecessor-version":[{"id":10787,"href":"https:\/\/empresas28.hachete.com\/romeroalarcon\/wp-json\/wp\/v2\/pages\/9531\/revisions\/10787"}],"wp:attachment":[{"href":"https:\/\/empresas28.hachete.com\/romeroalarcon\/wp-json\/wp\/v2\/media?parent=9531"}],"curies":[{"name":"wp","href":"https:\/\/api.w.org\/{rel}","templated":true}]}}