{"id":9734,"date":"2026-03-30T14:12:38","date_gmt":"2026-03-30T12:12:38","guid":{"rendered":"https:\/\/empresas28.hachete.com\/romeroalarcon\/?page_id=9734"},"modified":"2026-04-13T09:00:30","modified_gmt":"2026-04-13T07:00:30","slug":"proyectos","status":"publish","type":"page","link":"https:\/\/empresas28.hachete.com\/romeroalarcon\/proyectos\/","title":{"rendered":"Proyectos"},"content":{"rendered":"\t\t<div data-elementor-type=\"wp-page\" data-elementor-id=\"9734\" class=\"elementor elementor-9734\">\n\t\t\t\t\t\t<section class=\"elementor-section elementor-top-section elementor-element elementor-element-b22e9d0 pt pb-md mkdf-elementor-row-grid-section elementor-section-boxed elementor-section-height-default elementor-section-height-default mkdf-parallax-row-no mkdf-content-aligment-left mkdf-disabled-bg-image-bellow-no mkdf-row-btt-light\" data-id=\"b22e9d0\" data-element_type=\"section\" data-e-type=\"section\">\n\t\t\t\t\t\t<div class=\"elementor-container elementor-column-gap-default\">\n\t\t\t\t\t<div class=\"elementor-column elementor-col-50 elementor-top-column elementor-element elementor-element-3a8e4af\" data-id=\"3a8e4af\" data-element_type=\"column\" data-e-type=\"column\">\n\t\t\t<div class=\"elementor-widget-wrap elementor-element-populated\">\n\t\t\t\t\t\t<section class=\"elementor-section elementor-inner-section elementor-element elementor-element-397bffa elementor-section-boxed elementor-section-height-default elementor-section-height-default mkdf-parallax-row-no mkdf-content-aligment-left mkdf-elementor-row-grid-no mkdf-disabled-bg-image-bellow-no mkdf-row-btt-light\" data-id=\"397bffa\" data-element_type=\"section\" data-e-type=\"section\">\n\t\t\t\t\t\t<div class=\"elementor-container elementor-column-gap-default\">\n\t\t\t\t\t<div class=\"elementor-column elementor-col-100 elementor-inner-column elementor-element elementor-element-eee5262\" data-id=\"eee5262\" data-element_type=\"column\" data-e-type=\"column\">\n\t\t\t<div class=\"elementor-widget-wrap elementor-element-populated\">\n\t\t\t\t\t\t<div class=\"elementor-element elementor-element-68ba54e elementor-widget elementor-widget-mkdf_section_title\" data-id=\"68ba54e\" data-element_type=\"widget\" data-e-type=\"widget\" data-widget_type=\"mkdf_section_title.default\">\n\t\t\t\t<div class=\"elementor-widget-container\">\n\t\t\t\t\t<div class=\"mkdf-section-title-holder  mkdf-st-standard   \" >\n\t<div class=\"mkdf-st-inner\">\n        \t\t\t\t\t<h2 class=\"mkdf-st-title\" >\n\t\t\t\tExperiencia aplicada en cada obra\t\t\t<\/h2>\n\t\t\t\t\t<\/div>\n<\/div>\t\t\t\t<\/div>\n\t\t\t\t<\/div>\n\t\t\t\t\t<\/div>\n\t\t<\/div>\n\t\t\t\t\t<\/div>\n\t\t<\/section>\n\t\t\t\t\t<\/div>\n\t\t<\/div>\n\t\t\t\t<div class=\"elementor-column elementor-col-50 elementor-top-column elementor-element elementor-element-8bfd676\" data-id=\"8bfd676\" data-element_type=\"column\" data-e-type=\"column\">\n\t\t\t<div class=\"elementor-widget-wrap elementor-element-populated\">\n\t\t\t\t\t\t<div class=\"elementor-element elementor-element-d700d70 elementor-widget elementor-widget-text-editor\" data-id=\"d700d70\" data-element_type=\"widget\" data-e-type=\"widget\" data-widget_type=\"text-editor.default\">\n\t\t\t\t\t\t\t\t\t<p>Romero Alarc\u00f3n hemos apostado desde nuestros inicios por las construcciones de calidad, haciendo gala de un servicio integral a nuestros clientes.<\/p>\t\t\t\t\t\t\t\t<\/div>\n\t\t\t\t\t<\/div>\n\t\t<\/div>\n\t\t\t\t\t<\/div>\n\t\t<\/section>\n\t\t\t\t<section class=\"elementor-section elementor-top-section elementor-element elementor-element-297a522  pb-md mkdf-elementor-row-grid-section elementor-section-boxed elementor-section-height-default elementor-section-height-default mkdf-parallax-row-no mkdf-content-aligment-left mkdf-disabled-bg-image-bellow-no mkdf-row-btt-light\" data-id=\"297a522\" data-element_type=\"section\" data-e-type=\"section\">\n\t\t\t\t\t\t<div class=\"elementor-container elementor-column-gap-default\">\n\t\t\t\t\t<div class=\"elementor-column elementor-col-100 elementor-top-column elementor-element elementor-element-b9e066e\" data-id=\"b9e066e\" data-element_type=\"column\" data-e-type=\"column\">\n\t\t\t<div class=\"elementor-widget-wrap elementor-element-populated\">\n\t\t\t\t\t\t<section class=\"elementor-section elementor-inner-section elementor-element elementor-element-70211fc elementor-section-boxed elementor-section-height-default elementor-section-height-default mkdf-parallax-row-no mkdf-content-aligment-left mkdf-elementor-row-grid-no mkdf-disabled-bg-image-bellow-no mkdf-row-btt-light\" data-id=\"70211fc\" data-element_type=\"section\" data-e-type=\"section\">\n\t\t\t\t\t\t<div class=\"elementor-container elementor-column-gap-default\">\n\t\t\t\t\t<div class=\"elementor-column elementor-col-100 elementor-inner-column elementor-element elementor-element-f263994\" data-id=\"f263994\" data-element_type=\"column\" data-e-type=\"column\">\n\t\t\t<div class=\"elementor-widget-wrap elementor-element-populated\">\n\t\t\t\t\t\t<div class=\"elementor-element elementor-element-7598de9 elementor-widget elementor-widget-mkdf_portfolio_list\" data-id=\"7598de9\" data-element_type=\"widget\" data-e-type=\"widget\" data-widget_type=\"mkdf_portfolio_list.default\">\n\t\t\t\t<div class=\"elementor-widget-container\">\n\t\t\t\t\t<div class=\"mkdf-portfolio-list-holder mkdf-grid-list mkdf-disable-bottom-space mkdf-pl-gallery mkdf-three-columns mkdf-normal-space mkdf-pl-standard-shader    mkdf-pl-pag-load-more      mkdf-pl-default-skin\"  data-type=gallery data-skin=default-skin data-number-of-columns=three data-space-between-items=normal data-number-of-items=9 data-image-proportions=full data-enable-image-shadow=no data-orderby=date data-order=ASC data-item-style=standard-shader data-enable-title=yes data-title-tag=h4 data-enable-category=yes data-enable-count-images=yes data-enable-excerpt=no data-readmore=no data-pagination-type=load-more data-load-more-top-margin=1px data-filter=no data-enable-article-animation=no data-portfolio-slider-on=no data-enable-loop=yes data-enable-autoplay=yes data-slider-speed=5000 data-slider-speed-animation=600 data-enable-navigation=yes data-enable-pagination=yes data-enable-auto-width=no data-max-num-pages=1 data-next-page=2>\n\t\t<div class=\"mkdf-pl-inner mkdf-outer-space  clearfix\">\n\t\t<article class=\"mkdf-pl-item mkdf-item-space  post-9779 portfolio-item type-portfolio-item status-publish has-post-thumbnail hentry\">\n\t<div class=\"mkdf-pl-item-inner\">\n\t\t<a href=\"https:\/\/empresas28.hachete.com\/romeroalarcon\/proyecto\/centro-comercial-el-tiro\/\">\n<div class=\"mkdf-pli-image\">\n\t<img fetchpriority=\"high\" decoding=\"async\" width=\"1600\" height=\"1024\" src=\"https:\/\/empresas28.hachete.com\/romeroalarcon\/wp-content\/uploads\/2026\/03\/galerias_foto_12_1600x1200.webp\" class=\"attachment-full size-full wp-post-image\" alt=\"\" srcset=\"https:\/\/empresas28.hachete.com\/romeroalarcon\/wp-content\/uploads\/2026\/03\/galerias_foto_12_1600x1200.webp 1600w, https:\/\/empresas28.hachete.com\/romeroalarcon\/wp-content\/uploads\/2026\/03\/galerias_foto_12_1600x1200-300x192.webp 300w, https:\/\/empresas28.hachete.com\/romeroalarcon\/wp-content\/uploads\/2026\/03\/galerias_foto_12_1600x1200-1024x655.webp 1024w, https:\/\/empresas28.hachete.com\/romeroalarcon\/wp-content\/uploads\/2026\/03\/galerias_foto_12_1600x1200-768x492.webp 768w, https:\/\/empresas28.hachete.com\/romeroalarcon\/wp-content\/uploads\/2026\/03\/galerias_foto_12_1600x1200-1536x983.webp 1536w\" sizes=\"(max-width: 1600px) 100vw, 1600px\" \/><\/div>\n<\/a>\n<div class=\"mkdf-pli-text-holder\" >\n\t<div class=\"mkdf-pli-text-wrapper\">\n\t\t<div class=\"mkdf-pli-text\">\n\n            \n\t\t\t    <a href=\"https:\/\/empresas28.hachete.com\/romeroalarcon\/proyecto\/centro-comercial-el-tiro\/\">\n\t<h4 itemprop=\"name\" class=\"mkdf-pli-title entry-title\" >\n\t\tCentro Comercial El Tiro\t<\/h4>\n    <\/a>\n\n\t\t\t\n\t\t\t\n            \n\t\t<\/div>\n\t<\/div>\n<\/div>\n\t\t<a itemprop=\"url\" class=\"mkdf-pli-link mkdf-block-drag-link\" href=\"https:\/\/empresas28.hachete.com\/romeroalarcon\/proyecto\/centro-comercial-el-tiro\/\" target=\"_self\"><\/a>\n\t<\/div>\n<\/article><article class=\"mkdf-pl-item mkdf-item-space  post-9813 portfolio-item type-portfolio-item status-publish has-post-thumbnail hentry\">\n\t<div class=\"mkdf-pl-item-inner\">\n\t\t<a href=\"https:\/\/empresas28.hachete.com\/romeroalarcon\/proyecto\/centro-comercial-thader\/\">\n<div class=\"mkdf-pli-image\">\n\t<img decoding=\"async\" width=\"1600\" height=\"1024\" src=\"https:\/\/empresas28.hachete.com\/romeroalarcon\/wp-content\/uploads\/2026\/03\/galerias_foto_1_1600x1200.webp\" class=\"attachment-full size-full wp-post-image\" alt=\"\" srcset=\"https:\/\/empresas28.hachete.com\/romeroalarcon\/wp-content\/uploads\/2026\/03\/galerias_foto_1_1600x1200.webp 1600w, https:\/\/empresas28.hachete.com\/romeroalarcon\/wp-content\/uploads\/2026\/03\/galerias_foto_1_1600x1200-300x192.webp 300w, https:\/\/empresas28.hachete.com\/romeroalarcon\/wp-content\/uploads\/2026\/03\/galerias_foto_1_1600x1200-1024x655.webp 1024w, https:\/\/empresas28.hachete.com\/romeroalarcon\/wp-content\/uploads\/2026\/03\/galerias_foto_1_1600x1200-768x492.webp 768w, https:\/\/empresas28.hachete.com\/romeroalarcon\/wp-content\/uploads\/2026\/03\/galerias_foto_1_1600x1200-1536x983.webp 1536w\" sizes=\"(max-width: 1600px) 100vw, 1600px\" \/><\/div>\n<\/a>\n<div class=\"mkdf-pli-text-holder\" >\n\t<div class=\"mkdf-pli-text-wrapper\">\n\t\t<div class=\"mkdf-pli-text\">\n\n            \n\t\t\t    <a href=\"https:\/\/empresas28.hachete.com\/romeroalarcon\/proyecto\/centro-comercial-thader\/\">\n\t<h4 itemprop=\"name\" class=\"mkdf-pli-title entry-title\" >\n\t\tCentro Comercial Thader\t<\/h4>\n    <\/a>\n\n\t\t\t\n\t\t\t\n            \n\t\t<\/div>\n\t<\/div>\n<\/div>\n\t\t<a itemprop=\"url\" class=\"mkdf-pli-link mkdf-block-drag-link\" href=\"https:\/\/empresas28.hachete.com\/romeroalarcon\/proyecto\/centro-comercial-thader\/\" target=\"_self\"><\/a>\n\t<\/div>\n<\/article><article class=\"mkdf-pl-item mkdf-item-space  post-9843 portfolio-item type-portfolio-item status-publish has-post-thumbnail hentry\">\n\t<div class=\"mkdf-pl-item-inner\">\n\t\t<a href=\"https:\/\/empresas28.hachete.com\/romeroalarcon\/proyecto\/nave-industrial-libalplast\/\">\n<div class=\"mkdf-pli-image\">\n\t<img decoding=\"async\" width=\"1600\" height=\"1024\" src=\"https:\/\/empresas28.hachete.com\/romeroalarcon\/wp-content\/uploads\/2026\/03\/galerias_foto_20_original.webp\" class=\"attachment-full size-full wp-post-image\" alt=\"\" srcset=\"https:\/\/empresas28.hachete.com\/romeroalarcon\/wp-content\/uploads\/2026\/03\/galerias_foto_20_original.webp 1600w, https:\/\/empresas28.hachete.com\/romeroalarcon\/wp-content\/uploads\/2026\/03\/galerias_foto_20_original-300x192.webp 300w, https:\/\/empresas28.hachete.com\/romeroalarcon\/wp-content\/uploads\/2026\/03\/galerias_foto_20_original-1024x655.webp 1024w, https:\/\/empresas28.hachete.com\/romeroalarcon\/wp-content\/uploads\/2026\/03\/galerias_foto_20_original-768x492.webp 768w, https:\/\/empresas28.hachete.com\/romeroalarcon\/wp-content\/uploads\/2026\/03\/galerias_foto_20_original-1536x983.webp 1536w\" sizes=\"(max-width: 1600px) 100vw, 1600px\" \/><\/div>\n<\/a>\n<div class=\"mkdf-pli-text-holder\" >\n\t<div class=\"mkdf-pli-text-wrapper\">\n\t\t<div class=\"mkdf-pli-text\">\n\n            \n\t\t\t    <a href=\"https:\/\/empresas28.hachete.com\/romeroalarcon\/proyecto\/nave-industrial-libalplast\/\">\n\t<h4 itemprop=\"name\" class=\"mkdf-pli-title entry-title\" >\n\t\tNave Industrial Libalplast\t<\/h4>\n    <\/a>\n\n\t\t\t\n\t\t\t\n            \n\t\t<\/div>\n\t<\/div>\n<\/div>\n\t\t<a itemprop=\"url\" class=\"mkdf-pli-link mkdf-block-drag-link\" href=\"https:\/\/empresas28.hachete.com\/romeroalarcon\/proyecto\/nave-industrial-libalplast\/\" target=\"_self\"><\/a>\n\t<\/div>\n<\/article>\t<\/div>\n\t\n\t<\/div>\t\t\t\t<\/div>\n\t\t\t\t<\/div>\n\t\t\t\t\t<\/div>\n\t\t<\/div>\n\t\t\t\t\t<\/div>\n\t\t<\/section>\n\t\t\t\t\t<\/div>\n\t\t<\/div>\n\t\t\t\t\t<\/div>\n\t\t<\/section>\n\t\t<div class=\"elementor-element elementor-element-25d1660 pt-md pb-md e-flex e-con-boxed e-con e-parent\" data-id=\"25d1660\" data-element_type=\"container\" data-e-type=\"container\" data-settings=\"{&quot;background_background&quot;:&quot;classic&quot;}\">\n\t\t\t\t\t<div class=\"e-con-inner\">\n\t\t<div class=\"elementor-element elementor-element-c19b7cb e-flex e-con-boxed e-con e-child\" data-id=\"c19b7cb\" data-element_type=\"container\" data-e-type=\"container\">\n\t\t\t\t\t<div class=\"e-con-inner\">\n\t\t\t\t<div class=\"elementor-element elementor-element-7597074 dossier elementor-widget elementor-widget-mkdf_icon_with_text\" data-id=\"7597074\" data-element_type=\"widget\" data-e-type=\"widget\" data-widget_type=\"mkdf_icon_with_text.default\">\n\t\t\t\t<div class=\"elementor-widget-container\">\n\t\t\t\t\t<div class=\"mkdf-iwt clearfix  mkdf-iwt-icon-top  mkdf-iwt-icon-medium\" data-title-color=\"#FFFFFF\" data-title-hover-color=\"#FFFFFF\">\n\t<div class=\"mkdf-iwt-icon\">\n\t\t\t\t\t<a itemprop=\"url\" href=\"https:\/\/empresas28.hachete.com\/romeroalarcon\/wp-content\/uploads\/2026\/04\/romero-alarcon-dossier.pdf\" target=\"_blank\">\n\t\t\t\t\t\t\t\t\t<img loading=\"lazy\" decoding=\"async\" width=\"279\" height=\"160\" src=\"https:\/\/empresas28.hachete.com\/romeroalarcon\/wp-content\/uploads\/2026\/04\/porfolio.png\" class=\"attachment-full size-full\" alt=\"\" \/>                \t\t\t\t\t<\/a>\n\t\t\t<\/div>\n\t<div class=\"mkdf-iwt-content\" >\n        \t\t\t\t\t<h4 class=\"mkdf-iwt-title\" style=\"color: #FFFFFF\">\n\t\t\t\t\t\t\t\t\t<a itemprop=\"url\" href=\"https:\/\/empresas28.hachete.com\/romeroalarcon\/wp-content\/uploads\/2026\/04\/romero-alarcon-dossier.pdf\" target=\"_blank\">\n\t\t\t\t\t\t\t\t<span class=\"mkdf-iwt-title-text\">Dossier corporativo<\/span>\n\t\t\t\t\t\t\t\t\t<\/a>\n\t\t\t\t\t\t\t<\/h4>\n\t\t\t\t\t\t\t<p class=\"mkdf-iwt-text\" style=\"color: #FFFFFF\">Descarga nuestro dossier corporativo y descubre todo lo que podemos hacer por tu proyecto.<\/p>\n\t\t\t<\/div>\n<\/div>\t\t\t\t<\/div>\n\t\t\t\t<\/div>\n\t\t\t\t<div class=\"elementor-element elementor-element-ffdb579 elementor-widget__width-auto elementor-widget elementor-widget-mkdf_button\" data-id=\"ffdb579\" data-element_type=\"widget\" data-e-type=\"widget\" data-widget_type=\"mkdf_button.default\">\n\t\t\t\t<div class=\"elementor-widget-container\">\n\t\t\t\t\t<a itemprop=\"url\" href=\"https:\/\/empresas28.hachete.com\/romeroalarcon\/wp-content\/uploads\/2026\/04\/romero-alarcon-dossier.pdf\" target=\"_blank\" style=\"color: #FFFFFF;border-color: #FFFFFF\" class=\"mkdf-btn mkdf-btn-medium mkdf-btn-outline mkdf-btn-custom-border-hover mkdf-btn-custom-hover-color mkdf-btn-icon\" data-hover-color=\"#FFFFFF\" data-hover-border-color=\"#FFFFFF\" 0=\"color: #FFFFFF\" 1=\"border-color: #FFFFFF\">\n    <span class=\"mkdf-btn-text\">Descargar <\/span>\n    <i class=\"mkdf-icon-font-awesome fa fa-file-pdf \" ><\/i><\/a>\t\t\t\t<\/div>\n\t\t\t\t<\/div>\n\t\t\t\t\t<\/div>\n\t\t\t\t<\/div>\n\t\t\t\t\t<\/div>\n\t\t\t\t<\/div>\n\t\t\t\t<section class=\"elementor-section elementor-top-section elementor-element elementor-element-3b7cfc3 pt pb mkdf-elementor-row-grid-section elementor-section-boxed elementor-section-height-default elementor-section-height-default mkdf-parallax-row-no mkdf-content-aligment-left mkdf-disabled-bg-image-bellow-no mkdf-row-btt-light\" data-id=\"3b7cfc3\" data-element_type=\"section\" data-e-type=\"section\">\n\t\t\t\t\t\t<div class=\"elementor-container elementor-column-gap-default\">\n\t\t\t\t\t<div class=\"elementor-column elementor-col-50 elementor-top-column elementor-element elementor-element-fc4af9f\" data-id=\"fc4af9f\" data-element_type=\"column\" data-e-type=\"column\">\n\t\t\t<div class=\"elementor-widget-wrap elementor-element-populated\">\n\t\t\t\t\t\t<section class=\"elementor-section elementor-inner-section elementor-element elementor-element-6693a15 elementor-section-boxed elementor-section-height-default elementor-section-height-default mkdf-parallax-row-no mkdf-content-aligment-left mkdf-elementor-row-grid-no mkdf-disabled-bg-image-bellow-no mkdf-row-btt-light\" data-id=\"6693a15\" data-element_type=\"section\" data-e-type=\"section\">\n\t\t\t\t\t\t<div class=\"elementor-container elementor-column-gap-default\">\n\t\t\t\t\t<div class=\"elementor-column elementor-col-100 elementor-inner-column elementor-element elementor-element-6a125e0\" data-id=\"6a125e0\" data-element_type=\"column\" data-e-type=\"column\">\n\t\t\t<div class=\"elementor-widget-wrap elementor-element-populated\">\n\t\t\t\t\t\t<div class=\"elementor-element elementor-element-d6f1a44 icono elementor-widget elementor-widget-mkdf_icon_with_text\" data-id=\"d6f1a44\" data-element_type=\"widget\" data-e-type=\"widget\" data-widget_type=\"mkdf_icon_with_text.default\">\n\t\t\t\t<div class=\"elementor-widget-container\">\n\t\t\t\t\t<div class=\"mkdf-iwt clearfix  mkdf-iwt-icon-left  mkdf-iwt-icon-medium\" >\n\t<div class=\"mkdf-iwt-icon\">\n\t\t\t\t\t\t\t\t\t<img loading=\"lazy\" decoding=\"async\" width=\"67\" height=\"64\" src=\"https:\/\/empresas28.hachete.com\/romeroalarcon\/wp-content\/uploads\/2019\/02\/h5-icon-img-02.png\" class=\"attachment-full size-full\" alt=\"a\" \/>                \t\t\t<\/div>\n\t<div class=\"mkdf-iwt-content\" >\n        \t\t\t\t\t<h4 class=\"mkdf-iwt-title\" style=\"margin-top: -4px\">\n\t\t\t\t\t\t\t\t<span class=\"mkdf-iwt-title-text\">Eficiencia y capacidad de respuesta<\/span>\n\t\t\t\t\t\t\t<\/h4>\n\t\t\t\t\t\t\t<p class=\"mkdf-iwt-text\" style=\"margin-top: 14px\"> La eficiencia de nuestras responsabilidades nos permite responder r\u00e1pidamente y con eficacia a los problemas e inconvenientes t\u00edpicos de las obras de gran calibre, punto que se puede observar en nuestros trabajos realizados. La competitividad, calidad y excelente servicio son nuestros lemas en el mundo de la construcci\u00f3n y en todo lo que le rodea.<\/p>\n\t\t\t<\/div>\n<\/div>\t\t\t\t<\/div>\n\t\t\t\t<\/div>\n\t\t\t\t\t<\/div>\n\t\t<\/div>\n\t\t\t\t\t<\/div>\n\t\t<\/section>\n\t\t\t\t\t<\/div>\n\t\t<\/div>\n\t\t\t\t<div class=\"elementor-column elementor-col-50 elementor-top-column elementor-element elementor-element-27203e9\" data-id=\"27203e9\" data-element_type=\"column\" data-e-type=\"column\">\n\t\t\t<div class=\"elementor-widget-wrap elementor-element-populated\">\n\t\t\t\t\t\t<div class=\"elementor-element elementor-element-176afe2 elementor-widget__width-initial icono elementor-widget elementor-widget-mkdf_icon_with_text\" data-id=\"176afe2\" data-element_type=\"widget\" data-e-type=\"widget\" data-widget_type=\"mkdf_icon_with_text.default\">\n\t\t\t\t<div class=\"elementor-widget-container\">\n\t\t\t\t\t<div class=\"mkdf-iwt clearfix  mkdf-iwt-icon-left  mkdf-iwt-icon-medium\" >\n\t<div class=\"mkdf-iwt-icon\">\n\t\t\t\t\t\t\t\t\t<img loading=\"lazy\" decoding=\"async\" width=\"66\" height=\"64\" src=\"https:\/\/empresas28.hachete.com\/romeroalarcon\/wp-content\/uploads\/2019\/02\/h5-icon-img-04.png\" class=\"attachment-full size-full\" alt=\"a\" \/>                \t\t\t<\/div>\n\t<div class=\"mkdf-iwt-content\" >\n        \t\t\t\t\t<h4 class=\"mkdf-iwt-title\" style=\"margin-top: -4px\">\n\t\t\t\t\t\t\t\t<span class=\"mkdf-iwt-title-text\">Seguimiento integral y cumplimiento normativo<\/span>\n\t\t\t\t\t\t\t<\/h4>\n\t\t\t\t\t\t\t<p class=\"mkdf-iwt-text\" style=\"margin-top: 14px\">El continuo seguimiento y asesoramiento queda plasmado en cada uno de nuestros proyectos, siguiendo la normativa vigente en todos los campos: prevenci\u00f3n de riesgos, seguridad y salud, calidad, subcontrataciones o empleo, buscando en cada momento la m\u00e1xima satisfacci\u00f3n mutua con los clientes, con los proyectos \u201cllave en mano\u201d como m\u00e1ximo exponente de este compromiso.<\/p>\n\t\t\t<\/div>\n<\/div>\t\t\t\t<\/div>\n\t\t\t\t<\/div>\n\t\t\t\t\t<\/div>\n\t\t<\/div>\n\t\t\t\t\t<\/div>\n\t\t<\/section>\n\t\t\t\t<section class=\"elementor-section elementor-top-section elementor-element elementor-element-8b18c86 elementor-section-boxed elementor-section-height-default elementor-section-height-default mkdf-parallax-row-no mkdf-content-aligment-left mkdf-elementor-row-grid-no mkdf-disabled-bg-image-bellow-no mkdf-row-btt-light\" data-id=\"8b18c86\" data-element_type=\"section\" data-e-type=\"section\" data-settings=\"{&quot;background_background&quot;:&quot;classic&quot;}\">\n\t\t\t\t\t\t<div class=\"elementor-container elementor-column-gap-default\">\n\t\t\t\t\t<div class=\"elementor-column elementor-col-50 elementor-top-column elementor-element elementor-element-51496c7 elementor-hidden-tablet elementor-hidden-phone\" data-id=\"51496c7\" data-element_type=\"column\" data-e-type=\"column\">\n\t\t\t<div class=\"elementor-widget-wrap\">\n\t\t\t\t\t\t\t<\/div>\n\t\t<\/div>\n\t\t\t\t<div class=\"elementor-column elementor-col-50 elementor-top-column elementor-element elementor-element-da3eee9 mkdf-appearing-section mkdf-eh-item-project\" data-id=\"da3eee9\" data-element_type=\"column\" data-e-type=\"column\" data-settings=\"{&quot;background_background&quot;:&quot;classic&quot;}\">\n\t\t\t<div class=\"elementor-widget-wrap elementor-element-populated\">\n\t\t\t\t\t\t<div class=\"elementor-element elementor-element-3e5a711 elementor-widget elementor-widget-mkdf_section_title\" data-id=\"3e5a711\" data-element_type=\"widget\" data-e-type=\"widget\" data-widget_type=\"mkdf_section_title.default\">\n\t\t\t\t<div class=\"elementor-widget-container\">\n\t\t\t\t\t<div class=\"mkdf-section-title-holder  mkdf-st-standard   \" >\n\t<div class=\"mkdf-st-inner\">\n                    <h6 class=\"mkdf-st-intro-title\" style=\"color: #FFFFFF\">\n                TRABAJOS EJECUTADOS CON GARANT\u00cdA            <\/h6>\n        \t\t\t\t\t<h2 class=\"mkdf-st-title\" style=\"color: #FFFFFF\">\n\t\t\t\tHablemos de tu proyecto\t\t\t<\/h2>\n\t\t\t\t\t\t\t<p class=\"mkdf-st-text\" style=\"color: #FFFFFF\">\n\t\t\t\tPonemos nuestra experiencia y capacidad t\u00e9cnica al servicio de cada obra. Analizamos tus necesidades y te ofrecemos una soluci\u00f3n eficaz, adaptada y con total garant\u00eda de ejecuci\u00f3n.\t\t\t<\/p>\n\t\t\t<\/div>\n<\/div>\t\t\t\t<\/div>\n\t\t\t\t<\/div>\n\t\t\t\t<div class=\"elementor-element elementor-element-ceb1931 elementor-widget elementor-widget-mkdf_button\" data-id=\"ceb1931\" data-element_type=\"widget\" data-e-type=\"widget\" data-widget_type=\"mkdf_button.default\">\n\t\t\t\t<div class=\"elementor-widget-container\">\n\t\t\t\t\t<a itemprop=\"url\" href=\"https:\/\/empresas28.hachete.com\/romeroalarcon\/contacto\/\" target=\"_self\" style=\"color: #FFFFFF;background-color: #FFFFFF;border-color: #FFFFFF\" class=\"mkdf-btn mkdf-btn-medium mkdf-btn-solid mkdf-btn-custom-hover-color\" data-hover-color=\"#FFFFFF\" 0=\"color: #FFFFFF\" 1=\"background-color: #FFFFFF\" 2=\"border-color: #FFFFFF\">\n    <span class=\"mkdf-btn-text\">Solicitar contacto<\/span>\n    <i class=\"mkdf-icon-dripicons dripicon  \" ><\/i><\/a>\t\t\t\t<\/div>\n\t\t\t\t<\/div>\n\t\t\t\t\t<\/div>\n\t\t<\/div>\n\t\t\t\t\t<\/div>\n\t\t<\/section>\n\t\t\t\t<\/div>\n\t\t","protected":false},"excerpt":{"rendered":"<p>Experiencia aplicada en cada obra Romero Alarc\u00f3n hemos apostado desde nuestros inicios por las construcciones de calidad, haciendo gala de un servicio integral a nuestros clientes. Centro Comercial El Tiro Centro Comercial Thader Nave Industrial Libalplast Dossier corporativo Descarga nuestro [&hellip;]<\/p>\n","protected":false},"author":1,"featured_media":0,"parent":0,"menu_order":0,"comment_status":"closed","ping_status":"closed","template":"full-width.php","meta":{"footnotes":""},"class_list":["post-9734","page","type-page","status-publish","hentry"],"_links":{"self":[{"href":"https:\/\/empresas28.hachete.com\/romeroalarcon\/wp-json\/wp\/v2\/pages\/9734","targetHints":{"allow":["GET"]}}],"collection":[{"href":"https:\/\/empresas28.hachete.com\/romeroalarcon\/wp-json\/wp\/v2\/pages"}],"about":[{"href":"https:\/\/empresas28.hachete.com\/romeroalarcon\/wp-json\/wp\/v2\/types\/page"}],"author":[{"embeddable":true,"href":"https:\/\/empresas28.hachete.com\/romeroalarcon\/wp-json\/wp\/v2\/users\/1"}],"replies":[{"embeddable":true,"href":"https:\/\/empresas28.hachete.com\/romeroalarcon\/wp-json\/wp\/v2\/comments?post=9734"}],"version-history":[{"count":82,"href":"https:\/\/empresas28.hachete.com\/romeroalarcon\/wp-json\/wp\/v2\/pages\/9734\/revisions"}],"predecessor-version":[{"id":10805,"href":"https:\/\/empresas28.hachete.com\/romeroalarcon\/wp-json\/wp\/v2\/pages\/9734\/revisions\/10805"}],"wp:attachment":[{"href":"https:\/\/empresas28.hachete.com\/romeroalarcon\/wp-json\/wp\/v2\/media?parent=9734"}],"curies":[{"name":"wp","href":"https:\/\/api.w.org\/{rel}","templated":true}]}}